{"id":10788,"date":"2023-05-03T09:44:26","date_gmt":"2023-05-03T09:44:26","guid":{"rendered":"https:\/\/tootsiaiand.eu\/test-pood\/?post_type=product&#038;p=10788"},"modified":"2025-02-03T17:11:41","modified_gmt":"2025-02-03T17:11:41","slug":"oitemeri-lillekimp","status":"publish","type":"product","link":"https:\/\/www.tootsiaiand.eu\/pood\/pood\/kimbud\/oitemeri-lillekimp\/","title":{"rendered":"\u00d5itemeri &#8211; Lillekimp"},"content":{"rendered":"<p><em>Tootepildid on illustratiivsed. Tootsi Lillepoe floristid j\u00e4tavad endale \u00f5iguse asendada soovitud lille v\u00e4rvitooni puudumisel teise ligil\u00e4hedase v\u00e4rvitooniga.<\/em><\/p>\n","protected":false},"excerpt":{"rendered":"<p>Kui soovid, et seades kasutatakse m\u00f5nda kindlat v\u00e4rvi lille v\u00f5i taime, siis kirjuta see ostukorvis m\u00e4rkuste reale.<\/p>\n","protected":false},"featured_media":10789,"comment_status":"closed","ping_status":"closed","template":"","meta":[],"product_brand":[],"product_cat":[19],"product_tag":[],"class_list":{"0":"post-10788","1":"product","2":"type-product","3":"status-publish","4":"has-post-thumbnail","6":"product_cat-kimbud","8":"first","9":"instock","10":"taxable","11":"shipping-taxable","12":"purchasable","13":"product-type-variable"},"jetpack_sharing_enabled":true,"_links":{"self":[{"href":"https:\/\/www.tootsiaiand.eu\/pood\/wp-json\/wp\/v2\/product\/10788","targetHints":{"allow":["GET"]}}],"collection":[{"href":"https:\/\/www.tootsiaiand.eu\/pood\/wp-json\/wp\/v2\/product"}],"about":[{"href":"https:\/\/www.tootsiaiand.eu\/pood\/wp-json\/wp\/v2\/types\/product"}],"replies":[{"embeddable":true,"href":"https:\/\/www.tootsiaiand.eu\/pood\/wp-json\/wp\/v2\/comments?post=10788"}],"wp:featuredmedia":[{"embeddable":true,"href":"https:\/\/www.tootsiaiand.eu\/pood\/wp-json\/wp\/v2\/media\/10789"}],"wp:attachment":[{"href":"https:\/\/www.tootsiaiand.eu\/pood\/wp-json\/wp\/v2\/media?parent=10788"}],"wp:term":[{"taxonomy":"product_brand","embeddable":true,"href":"https:\/\/www.tootsiaiand.eu\/pood\/wp-json\/wp\/v2\/product_brand?post=10788"},{"taxonomy":"product_cat","embeddable":true,"href":"https:\/\/www.tootsiaiand.eu\/pood\/wp-json\/wp\/v2\/product_cat?post=10788"},{"taxonomy":"product_tag","embeddable":true,"href":"https:\/\/www.tootsiaiand.eu\/pood\/wp-json\/wp\/v2\/product_tag?post=10788"}],"curies":[{"name":"wp","href":"https:\/\/api.w.org\/{rel}","templated":true}]}}