{"id":8761,"date":"2021-10-30T13:14:45","date_gmt":"2021-10-30T13:14:45","guid":{"rendered":"https:\/\/tootsiaiand.eu\/test-pood\/?post_type=product&#038;p=8761"},"modified":"2026-03-19T09:47:27","modified_gmt":"2026-03-19T09:47:27","slug":"sudame-seade","status":"publish","type":"product","link":"https:\/\/www.tootsiaiand.eu\/pood\/pood\/leinaseaded\/sudame-seade\/","title":{"rendered":"S\u00fcdame seade"},"content":{"rendered":"<p><em>Tootepildid on illustratiivsed. Tootsi Lillepoe floristid j\u00e4tavad endale \u00f5iguse asendada soovitud lille v\u00e4rvitooni puudumisel teise ligil\u00e4hedase v\u00e4rvitooniga.<\/em><\/p>\n","protected":false},"excerpt":{"rendered":"<p>Kui soovid, et seades kasutatakse m\u00f5nda kindlat v\u00e4rvi lille v\u00f5i taime, siis kirjuta see ostukorvis m\u00e4rkuste reale.<\/p>\n<p>Kui soovid leinakimpu muud v\u00e4rvi \u00f5isi , anna meile sellest tellimuse m\u00e4rkustes teada. (V\u00f5i telefonil: 612 11 48)<\/p>\n<p><strong>NB! Seade tuleb tellida ette v\u00e4hemalt 2 p\u00e4eva.<\/strong><\/p>\n","protected":false},"featured_media":8763,"comment_status":"closed","ping_status":"closed","template":"","meta":[],"product_brand":[],"product_cat":[264,35],"product_tag":[],"class_list":{"0":"post-8761","1":"product","2":"type-product","3":"status-publish","4":"has-post-thumbnail","6":"product_cat-lilleparjad","7":"product_cat-leinaseaded","9":"first","10":"instock","11":"taxable","12":"shipping-taxable","13":"purchasable","14":"product-type-simple"},"jetpack_sharing_enabled":true,"_links":{"self":[{"href":"https:\/\/www.tootsiaiand.eu\/pood\/wp-json\/wp\/v2\/product\/8761","targetHints":{"allow":["GET"]}}],"collection":[{"href":"https:\/\/www.tootsiaiand.eu\/pood\/wp-json\/wp\/v2\/product"}],"about":[{"href":"https:\/\/www.tootsiaiand.eu\/pood\/wp-json\/wp\/v2\/types\/product"}],"replies":[{"embeddable":true,"href":"https:\/\/www.tootsiaiand.eu\/pood\/wp-json\/wp\/v2\/comments?post=8761"}],"wp:featuredmedia":[{"embeddable":true,"href":"https:\/\/www.tootsiaiand.eu\/pood\/wp-json\/wp\/v2\/media\/8763"}],"wp:attachment":[{"href":"https:\/\/www.tootsiaiand.eu\/pood\/wp-json\/wp\/v2\/media?parent=8761"}],"wp:term":[{"taxonomy":"product_brand","embeddable":true,"href":"https:\/\/www.tootsiaiand.eu\/pood\/wp-json\/wp\/v2\/product_brand?post=8761"},{"taxonomy":"product_cat","embeddable":true,"href":"https:\/\/www.tootsiaiand.eu\/pood\/wp-json\/wp\/v2\/product_cat?post=8761"},{"taxonomy":"product_tag","embeddable":true,"href":"https:\/\/www.tootsiaiand.eu\/pood\/wp-json\/wp\/v2\/product_tag?post=8761"}],"curies":[{"name":"wp","href":"https:\/\/api.w.org\/{rel}","templated":true}]}}